{"id":15,"date":"2016-08-13T11:41:36","date_gmt":"2016-08-13T15:41:36","guid":{"rendered":"https:\/\/timtom.ch\/stlaurent\/?page_id=15"},"modified":"2026-02-08T13:19:06","modified_gmt":"2026-02-08T12:19:06","slug":"abonnement","status":"publish","type":"page","link":"https:\/\/confiance.ch\/stlaurent\/abonnement\/","title":{"rendered":"Newsletter"},"content":{"rendered":"<h3>Abonnez-vous \u00e0 notre lettre de diffusion et recevez un email une semaine avant chaque pri\u00e8re!<\/h3>\n<p>Tenez-vous toujours au courant des pri\u00e8res avec chants de Taiz\u00e9 \u00e0 Lausanne en vous abonnant \u00e0 notre lettre d&rsquo;information \u00e9lectronique:<\/p>\n<table>\n<tbody>\n<tr>\n<td>Votre adresse email:<\/td>\n<td><\/td>\n<\/tr>\n<tr>\n<td>Vos nom et pr\u00e9nom:<\/td>\n<td><\/td>\n<\/tr>\n<tr>\n<td><\/td>\n<td><\/td>\n<\/tr>\n<\/tbody>\n<\/table>\n<p>Nous nous engageons \u00e0 ne pas communiquer votre adresse email \u00e0 des tiers, et \u00e0 l&rsquo;utiliser exclusivement pour vous informer des prochaines pri\u00e8res avec chants de Taiz\u00e9 \u00e0 l&rsquo;Espace Maurice Zundel. Ces messages sont envoy\u00e9s une fois par mois.<\/p>\n<p>En outre, 1 \u00e0 2 fois par ann\u00e9e, nous nous permettrons de vous informer de certains autres \u00e9v\u00e8nements en rapport avec Taiz\u00e9 (rencontre europ\u00e9enne en hiver, pri\u00e8re pour la F\u00eate de la Musique, etc).<\/p>\n<h3>Comment nous contacter<\/h3>\n<p>Envoyez-nous un email! Nos adresses sont en bas de chaque page de ce site.<\/p>\n","protected":false},"excerpt":{"rendered":"<p>Abonnez-vous \u00e0 notre lettre de diffusion et recevez un email une semaine avant chaque pri\u00e8re! Tenez-vous toujours au courant des pri\u00e8res avec chants de Taiz\u00e9 \u00e0 Lausanne en vous abonnant \u00e0 notre lettre d&rsquo;information \u00e9lectronique: Votre adresse email: Vos nom et pr\u00e9nom: Nous nous engageons \u00e0 ne pas communiquer votre adresse email \u00e0 des tiers, [&hellip;]<\/p>\n","protected":false},"author":1,"featured_media":0,"parent":0,"menu_order":0,"comment_status":"closed","ping_status":"closed","template":"template-fullwidth.php","meta":{"footnotes":""},"class_list":["post-15","page","type-page","status-publish","hentry","post-preview"],"jetpack_sharing_enabled":true,"jetpack_shortlink":"https:\/\/wp.me\/P7SkoI-f","_links":{"self":[{"href":"https:\/\/confiance.ch\/stlaurent\/wp-json\/wp\/v2\/pages\/15","targetHints":{"allow":["GET"]}}],"collection":[{"href":"https:\/\/confiance.ch\/stlaurent\/wp-json\/wp\/v2\/pages"}],"about":[{"href":"https:\/\/confiance.ch\/stlaurent\/wp-json\/wp\/v2\/types\/page"}],"author":[{"embeddable":true,"href":"https:\/\/confiance.ch\/stlaurent\/wp-json\/wp\/v2\/users\/1"}],"replies":[{"embeddable":true,"href":"https:\/\/confiance.ch\/stlaurent\/wp-json\/wp\/v2\/comments?post=15"}],"version-history":[{"count":0,"href":"https:\/\/confiance.ch\/stlaurent\/wp-json\/wp\/v2\/pages\/15\/revisions"}],"wp:attachment":[{"href":"https:\/\/confiance.ch\/stlaurent\/wp-json\/wp\/v2\/media?parent=15"}],"curies":[{"name":"wp","href":"https:\/\/api.w.org\/{rel}","templated":true}]}}