{"id":13,"date":"2016-08-13T11:23:46","date_gmt":"2016-08-13T15:23:46","guid":{"rendered":"https:\/\/timtom.ch\/stlaurent\/?page_id=13"},"modified":"2026-02-08T13:16:07","modified_gmt":"2026-02-08T12:16:07","slug":"infos","status":"publish","type":"page","link":"https:\/\/confiance.ch\/stlaurent\/infos\/","title":{"rendered":"La pri\u00e8re"},"content":{"rendered":"<h2>\u00c0 quoi ressemble une pri\u00e8re de Taiz\u00e9?<\/h2>\n<h3>Des chants m\u00e9ditatifs, des textes courts<\/h3>\n<p><img loading=\"lazy\" decoding=\"async\" class=\"alignleft size-full wp-image-27\" src=\"https:\/\/confiance.ch\/stlaurent\/wp-content\/uploads\/sites\/5\/2016\/08\/priere2.jpg\" alt=\"priere2\" width=\"200\" height=\"154\" \/>L&rsquo;\u00e9l\u00e9ment central de la pri\u00e8re telle qu&rsquo;elle se vit \u00e0 Taiz\u00e9 est la m\u00e9ditation sugg\u00e9r\u00e9e par les chants r\u00e9p\u00e9titifs. Ces chants sont extr\u00eamement simples, la m\u00eame phrase est r\u00e9p\u00e9t\u00e9e plusieurs fois, parfois accompagn\u00e9e par un soliste.<\/p>\n<p>Entrecoup\u00e9s par les chants, un psaume, un passage de l&rsquo;\u00c9vangile, une pri\u00e8re d&rsquo;intercession sont partag\u00e9s. Un instant de silence permet le dialogue personnel avec Dieu.<\/p>\n<h3>Taiz\u00e9<\/h3>\n<p><img loading=\"lazy\" decoding=\"async\" class=\"alignleft size-full wp-image-29\" src=\"https:\/\/confiance.ch\/stlaurent\/wp-content\/uploads\/sites\/5\/2016\/08\/taize.jpg\" alt=\"taize\" width=\"200\" height=\"159\" \/>Taiz\u00e9, petit village de Bourgogne, abrite depuis plus de 80 ans une communaut\u00e9<br \/>\n\u0153cum\u00e9nique. Tout au long de l\u2019ann\u00e9e, des jeunes et des moins jeunes de<br \/>\ntous les continents et de toutes les confessions s\u2019y retrouvent pour<br \/>\npartager leur foi, prier et chanter ensemble.<\/p>\n<p>Participer \u00e0 une pri\u00e8re de Taiz\u00e9, c\u2019est l\u2019occasion de d\u00e9couvrir une<br \/>\nfa\u00e7on de prier simplement, par le chant et la m\u00e9ditation et d\u2019aller \u00e0<br \/>\nla rencontre de Dieu et des autres, au-del\u00e0 des diff\u00e9rences.<\/p>\n<p>Pour en savoir plus, visitez le <a href=\"http:\/\/www.taize.fr\/fr_rubrique20.html\">site web de la Communaut\u00e9<\/a>.<\/p>\n","protected":false},"excerpt":{"rendered":"<p>\u00c0 quoi ressemble une pri\u00e8re de Taiz\u00e9? Des chants m\u00e9ditatifs, des textes courts L&rsquo;\u00e9l\u00e9ment central de la pri\u00e8re telle qu&rsquo;elle se vit \u00e0 Taiz\u00e9 est la m\u00e9ditation sugg\u00e9r\u00e9e par les chants r\u00e9p\u00e9titifs. Ces chants sont extr\u00eamement simples, la m\u00eame phrase est r\u00e9p\u00e9t\u00e9e plusieurs fois, parfois accompagn\u00e9e par un soliste. Entrecoup\u00e9s par les chants, un psaume, [&hellip;]<\/p>\n","protected":false},"author":1,"featured_media":0,"parent":0,"menu_order":0,"comment_status":"closed","ping_status":"closed","template":"template-fullwidth.php","meta":{"footnotes":""},"class_list":["post-13","page","type-page","status-publish","hentry","post-preview"],"jetpack_sharing_enabled":true,"jetpack_shortlink":"https:\/\/wp.me\/P7SkoI-d","_links":{"self":[{"href":"https:\/\/confiance.ch\/stlaurent\/wp-json\/wp\/v2\/pages\/13","targetHints":{"allow":["GET"]}}],"collection":[{"href":"https:\/\/confiance.ch\/stlaurent\/wp-json\/wp\/v2\/pages"}],"about":[{"href":"https:\/\/confiance.ch\/stlaurent\/wp-json\/wp\/v2\/types\/page"}],"author":[{"embeddable":true,"href":"https:\/\/confiance.ch\/stlaurent\/wp-json\/wp\/v2\/users\/1"}],"replies":[{"embeddable":true,"href":"https:\/\/confiance.ch\/stlaurent\/wp-json\/wp\/v2\/comments?post=13"}],"version-history":[{"count":0,"href":"https:\/\/confiance.ch\/stlaurent\/wp-json\/wp\/v2\/pages\/13\/revisions"}],"wp:attachment":[{"href":"https:\/\/confiance.ch\/stlaurent\/wp-json\/wp\/v2\/media?parent=13"}],"curies":[{"name":"wp","href":"https:\/\/api.w.org\/{rel}","templated":true}]}}